{"id":77,"date":"2014-06-15T16:59:07","date_gmt":"2014-06-15T16:59:07","guid":{"rendered":"http:\/\/www.euroferramentas.pt\/?page_id=77"},"modified":"2017-02-24T12:39:03","modified_gmt":"2017-02-24T12:39:03","slug":"marcas","status":"publish","type":"page","link":"https:\/\/www.euroferramentas.pt\/?page_id=77","title":{"rendered":"Produtos"},"content":{"rendered":"<table style=\"height: 238px;\" width=\"818\" cellspacing=\"0\" cellpadding=\"5\">\n<tbody>\n<tr>\n<td style=\"width: 264px; text-align: center;\"><span style=\"font-family: verdana, geneva, sans-serif; font-size: 10pt;\"><a class=\"row-title\" href=\"http:\/\/www.euroferramentas.pt\/?page_id=811\">Abrasivos<\/a><\/span><\/td>\n<td style=\"width: 266px; text-align: center;\"><span style=\"font-family: verdana, geneva, sans-serif; font-size: 10pt;\"><a class=\"row-title\" href=\"http:\/\/www.euroferramentas.pt\/?page_id=819\">Eleva\u00e7\u00e3o e Carga<\/a><\/span><\/td>\n<td style=\"width: 266px; text-align: center;\"><span style=\"font-family: verdana, geneva, sans-serif; font-size: 10pt;\"><a class=\"row-title\" href=\"http:\/\/www.euroferramentas.pt\/?page_id=799\">Metrologia<\/a><\/span><\/td>\n<\/tr>\n<tr>\n<td style=\"width: 264px; text-align: center;\"><span style=\"font-family: verdana, geneva, sans-serif; font-size: 10pt;\"><a class=\"row-title\" href=\"http:\/\/www.euroferramentas.pt\/?page_id=793\">Ferramenta de Corte<\/a><\/span><\/td>\n<td style=\"width: 266px; text-align: center;\"><span style=\"font-family: verdana, geneva, sans-serif; font-size: 10pt;\"><a class=\"row-title\" href=\"http:\/\/www.euroferramentas.pt\/?page_id=813\">Ferramenta energizada<\/a><\/span><\/td>\n<td style=\"width: 266px; text-align: center;\"><span style=\"font-family: verdana, geneva, sans-serif; font-size: 10pt;\"><a class=\"row-title\" href=\"http:\/\/www.euroferramentas.pt\/?page_id=790\">Ferramenta Manual<\/a><\/span><\/td>\n<\/tr>\n<tr>\n<td style=\"width: 264px; text-align: center;\"><span style=\"font-family: verdana, geneva, sans-serif; font-size: 10pt;\"><a class=\"row-title\" href=\"http:\/\/www.euroferramentas.pt\/?page_id=803\">Mobili\u00e1rio Industrial<\/a><\/span><\/td>\n<td style=\"width: 266px; text-align: center;\"><span style=\"font-family: verdana, geneva, sans-serif; font-size: 10pt;\"><a class=\"row-title\" href=\"http:\/\/www.euroferramentas.pt\/?page_id=801\">Normalizados<\/a><\/span><\/td>\n<td style=\"width: 266px; text-align: center;\"><span style=\"font-family: verdana, geneva, sans-serif; font-size: 10pt;\"><a class=\"row-title\" href=\"http:\/\/www.euroferramentas.pt\/?page_id=815&quot;\">Produtos qu\u00edmicos<\/a><\/span><\/td>\n<\/tr>\n<tr>\n<td style=\"width: 264px; text-align: center;\"><span style=\"font-size: 10pt; font-family: verdana, geneva, sans-serif;\"><a class=\"row-title\" href=\"http:\/\/www.euroferramentas.pt\/?page_id=825\">Fixa\u00e7\u00e3o de amarre mec. e magn\u00e9tica<\/a><\/span><\/td>\n<td style=\"width: 266px; text-align: center;\"><span style=\"font-size: 10pt; font-family: verdana, geneva, sans-serif;\"><a class=\"row-title\" href=\"http:\/\/www.euroferramentas.pt\/?page_id=805\">Protec\u00e7\u00e3o, seguran\u00e7a e higiene<\/a><\/span><\/td>\n<td style=\"width: 266px; text-align: center;\"><span style=\"font-family: verdana, geneva, sans-serif; font-size: 10pt;\"><a class=\"row-title\" href=\"http:\/\/www.euroferramentas.pt\/?page_id=795\">Soldadura<\/a><\/span><\/td>\n<\/tr>\n<tr>\n<td style=\"width: 264px; text-align: center;\"><span style=\"font-family: verdana, geneva, sans-serif; font-size: 10pt;\"><a class=\"row-title\" href=\"http:\/\/www.euroferramentas.pt\/?page_id=1028\">Ferramenta de grava\u00e7\u00e3o<\/a><\/span><\/td>\n<td style=\"width: 266px; text-align: center;\"><span style=\"font-size: 10pt; font-family: verdana, geneva, sans-serif;\"><a class=\"row-title\" href=\"http:\/\/www.euroferramentas.pt\/?page_id=827\">Diversos<\/a>\u00a0<\/span><\/td>\n<td style=\"width: 266px; text-align: center;\"><span style=\"font-family: verdana, geneva, sans-serif; font-size: 10pt;\"><a class=\"row-title\" href=\"http:\/\/www.euroferramentas.pt\/?page_id=1034\">Ferramenta subaqu\u00e1tica\u00a0<\/a><\/span><\/td>\n<\/tr>\n<\/tbody>\n<\/table>\n<p style=\"text-align: center;\">\n<p style=\"text-align: center;\">[powr-youtube-gallery id=dbfba090_1487939441856]<\/p>\n","protected":false},"excerpt":{"rendered":"<p>Abrasivos Eleva\u00e7\u00e3o e Carga Metrologia Ferramenta de Corte Ferramenta energizada Ferramenta Manual Mobili\u00e1rio Industrial Normalizados Produtos qu\u00edmicos Fixa\u00e7\u00e3o de amarre mec. e magn\u00e9tica Protec\u00e7\u00e3o, seguran\u00e7a e higiene Soldadura Ferramenta de grava\u00e7\u00e3o Diversos\u00a0 Ferramenta subaqu\u00e1tica\u00a0 [powr-youtube-gallery id=dbfba090_1487939441856]<\/p>\n","protected":false},"author":2,"featured_media":0,"parent":0,"menu_order":0,"comment_status":"closed","ping_status":"closed","template":"templates\/template-full-notitle.php","meta":{"footnotes":""},"_links":{"self":[{"href":"https:\/\/www.euroferramentas.pt\/index.php?rest_route=\/wp\/v2\/pages\/77"}],"collection":[{"href":"https:\/\/www.euroferramentas.pt\/index.php?rest_route=\/wp\/v2\/pages"}],"about":[{"href":"https:\/\/www.euroferramentas.pt\/index.php?rest_route=\/wp\/v2\/types\/page"}],"author":[{"embeddable":true,"href":"https:\/\/www.euroferramentas.pt\/index.php?rest_route=\/wp\/v2\/users\/2"}],"replies":[{"embeddable":true,"href":"https:\/\/www.euroferramentas.pt\/index.php?rest_route=%2Fwp%2Fv2%2Fcomments&post=77"}],"version-history":[{"count":37,"href":"https:\/\/www.euroferramentas.pt\/index.php?rest_route=\/wp\/v2\/pages\/77\/revisions"}],"predecessor-version":[{"id":1094,"href":"https:\/\/www.euroferramentas.pt\/index.php?rest_route=\/wp\/v2\/pages\/77\/revisions\/1094"}],"wp:attachment":[{"href":"https:\/\/www.euroferramentas.pt\/index.php?rest_route=%2Fwp%2Fv2%2Fmedia&parent=77"}],"curies":[{"name":"wp","href":"https:\/\/api.w.org\/{rel}","templated":true}]}}