{"id":825,"date":"2017-02-15T16:48:30","date_gmt":"2017-02-15T16:48:30","guid":{"rendered":"http:\/\/www.euroferramentas.pt\/?page_id=825"},"modified":"2017-02-24T15:01:09","modified_gmt":"2017-02-24T15:01:09","slug":"fixacao-de-amarre-mecanica-e-magnetica","status":"publish","type":"page","link":"https:\/\/www.euroferramentas.pt\/?page_id=825","title":{"rendered":"Fixa\u00e7\u00e3o de amarre mec\u00e2nica e magn\u00e9tica"},"content":{"rendered":"<p style=\"text-align: center;\"><span style=\"font-size: 18pt; font-family: 'trebuchet ms', geneva, sans-serif;\">Fixa\u00e7\u00e3o de amarre mec\u00e2nica e magn\u00e9tica<\/span><\/p>\n<table style=\"height: 238px;\" width=\"818\" cellspacing=\"10\">\n<tbody>\n<tr style=\"height: 9px;\">\n<td style=\"width: 265px; height: 9px;\" colspan=\"3\"><\/td>\n<\/tr>\n<tr style=\"height: 9px;\">\n<td style=\"width: 265px; height: 9px;\" colspan=\"3\"><\/td>\n<\/tr>\n<tr style=\"height: 72px;\">\n<td style=\"width: 265px; height: 72px;\"><a href=\"http:\/\/www.selter.es\"><img loading=\"lazy\" decoding=\"async\" class=\"aligncenter wp-image-1021 size-thumbnail\" src=\"http:\/\/www.euroferramentas.pt\/wp-content\/uploads\/2017\/02\/selter-150x69.png\" width=\"150\" height=\"69\" \/><\/a><\/td>\n<td style=\"width: 265px; height: 72px;\"><a href=\"https:\/\/us.roehm.biz\"><img loading=\"lazy\" decoding=\"async\" class=\"aligncenter wp-image-1020\" src=\"http:\/\/www.euroferramentas.pt\/wp-content\/uploads\/2017\/02\/rohm.png\" width=\"205\" height=\"97\" \/><\/a><\/td>\n<td style=\"width: 266px; height: 72px;\"><a href=\"http:\/\/www.eroglumakina.com\"><img loading=\"lazy\" decoding=\"async\" class=\"aligncenter wp-image-1022\" src=\"http:\/\/www.euroferramentas.pt\/wp-content\/uploads\/2017\/02\/eroglu-300x86.png\" width=\"235\" height=\"67\" srcset=\"https:\/\/www.euroferramentas.pt\/wp-content\/uploads\/2017\/02\/eroglu-300x86.png 300w, https:\/\/www.euroferramentas.pt\/wp-content\/uploads\/2017\/02\/eroglu.png 421w\" sizes=\"(max-width: 235px) 100vw, 235px\" \/><\/a><\/td>\n<\/tr>\n<tr style=\"height: 72px;\">\n<td style=\"width: 265px; height: 72px;\"><\/td>\n<td style=\"width: 265px; height: 72px;\"><\/td>\n<td style=\"width: 266px; height: 72px;\"><\/td>\n<\/tr>\n<\/tbody>\n<\/table>\n","protected":false},"excerpt":{"rendered":"<p>Fixa\u00e7\u00e3o de amarre mec\u00e2nica e magn\u00e9tica<\/p>\n","protected":false},"author":4,"featured_media":0,"parent":0,"menu_order":0,"comment_status":"closed","ping_status":"closed","template":"templates\/template-full-notitle.php","meta":{"footnotes":""},"_links":{"self":[{"href":"https:\/\/www.euroferramentas.pt\/index.php?rest_route=\/wp\/v2\/pages\/825"}],"collection":[{"href":"https:\/\/www.euroferramentas.pt\/index.php?rest_route=\/wp\/v2\/pages"}],"about":[{"href":"https:\/\/www.euroferramentas.pt\/index.php?rest_route=\/wp\/v2\/types\/page"}],"author":[{"embeddable":true,"href":"https:\/\/www.euroferramentas.pt\/index.php?rest_route=\/wp\/v2\/users\/4"}],"replies":[{"embeddable":true,"href":"https:\/\/www.euroferramentas.pt\/index.php?rest_route=%2Fwp%2Fv2%2Fcomments&post=825"}],"version-history":[{"count":8,"href":"https:\/\/www.euroferramentas.pt\/index.php?rest_route=\/wp\/v2\/pages\/825\/revisions"}],"predecessor-version":[{"id":1115,"href":"https:\/\/www.euroferramentas.pt\/index.php?rest_route=\/wp\/v2\/pages\/825\/revisions\/1115"}],"wp:attachment":[{"href":"https:\/\/www.euroferramentas.pt\/index.php?rest_route=%2Fwp%2Fv2%2Fmedia&parent=825"}],"curies":[{"name":"wp","href":"https:\/\/api.w.org\/{rel}","templated":true}]}}